{"id":7,"date":"2025-12-02T12:52:40","date_gmt":"2025-12-02T12:52:40","guid":{"rendered":"https:\/\/bryfoods.com.tr\/?page_id=7"},"modified":"2025-12-03T16:04:32","modified_gmt":"2025-12-03T16:04:32","slug":"home","status":"publish","type":"page","link":"https:\/\/bryfoods.com.tr\/","title":{"rendered":"home"},"content":{"rendered":"\t\t<div data-elementor-type=\"wp-post\" data-elementor-id=\"7\" class=\"elementor elementor-7\">\n\t\t\t\t<div class=\"elementor-element elementor-element-b52d6f0 e-flex e-con-boxed e-con e-parent\" data-id=\"b52d6f0\" data-element_type=\"container\" data-settings=\"{&quot;background_background&quot;:&quot;classic&quot;}\">\n\t\t\t\t\t<div class=\"e-con-inner\">\n\t\t<div class=\"elementor-element elementor-element-8c457b0 e-con-full e-flex e-con e-child\" data-id=\"8c457b0\" data-element_type=\"container\">\n\t\t\t\t<div class=\"elementor-element elementor-element-b3d29d4 elementor-widget elementor-widget-image\" data-id=\"b3d29d4\" data-element_type=\"widget\" data-widget_type=\"image.default\">\n\t\t\t\t\t\t\t\t\t\t\t\t\t\t\t<img fetchpriority=\"high\" decoding=\"async\" width=\"819\" height=\"1024\" src=\"https:\/\/bryfoods.com.tr\/wp-content\/uploads\/2025\/12\/9c1249a6-add3-4164-b174-2e0ba2722ece-819x1024.jpeg\" class=\"attachment-large size-large wp-image-21\" alt=\"\" srcset=\"https:\/\/bryfoods.com.tr\/wp-content\/uploads\/2025\/12\/9c1249a6-add3-4164-b174-2e0ba2722ece-819x1024.jpeg 819w, https:\/\/bryfoods.com.tr\/wp-content\/uploads\/2025\/12\/9c1249a6-add3-4164-b174-2e0ba2722ece-240x300.jpeg 240w, https:\/\/bryfoods.com.tr\/wp-content\/uploads\/2025\/12\/9c1249a6-add3-4164-b174-2e0ba2722ece-768x960.jpeg 768w, https:\/\/bryfoods.com.tr\/wp-content\/uploads\/2025\/12\/9c1249a6-add3-4164-b174-2e0ba2722ece-1229x1536.jpeg 1229w, https:\/\/bryfoods.com.tr\/wp-content\/uploads\/2025\/12\/9c1249a6-add3-4164-b174-2e0ba2722ece-1638x2048.jpeg 1638w, https:\/\/bryfoods.com.tr\/wp-content\/uploads\/2025\/12\/9c1249a6-add3-4164-b174-2e0ba2722ece.jpeg 2048w\" sizes=\"(max-width: 819px) 100vw, 819px\" \/>\t\t\t\t\t\t\t\t\t\t\t\t\t\t\t<\/div>\n\t\t\t\t<\/div>\n\t\t<div class=\"elementor-element elementor-element-870d837 e-con-full e-flex e-con e-child\" data-id=\"870d837\" data-element_type=\"container\">\n\t\t\t\t<div class=\"elementor-element elementor-element-363d486 elementor-widget elementor-widget-text-editor\" data-id=\"363d486\" data-element_type=\"widget\" data-widget_type=\"text-editor.default\">\n\t\t\t\t\t\t\t\t\t<p><strong>Bir yolculu\u011fun sonu\u2026<\/strong><\/p><p>T\u00fcrkiye\u2019deki lezzet yolculu\u011fumuzda bizimle oldu\u011funuz i\u00e7in te\u015fekk\u00fcr ederiz!<\/p><p>1 Aral\u0131k itibar\u0131yla, ald\u0131\u011f\u0131m\u0131z b\u00fcy\u00fcme karar\u0131 do\u011frultusunda T\u00fcrkiye sat\u0131\u015flar\u0131m\u0131z\u0131 sonland\u0131r\u0131yor, \u00fclke lezzetlerimizi daha geni\u015f kitlelerle bulu\u015fturmak ad\u0131na yeni bir ad\u0131m at\u0131yoruz.<\/p><p>Yolculu\u011fumuz Amerika ve Kanada\u2019da devam edecek. Bu yeni ser\u00fcvenimizde bize e\u015flik etmek i\u00e7in yeni hesab\u0131m\u0131z\u0131 takipte kal\u0131n!<\/p><p><a href=\"https:\/\/www.instagram.com\/bryfoodsco\/\">@bryfoodsco<\/a> <a href=\"https:\/\/www.instagram.com\/bryfoods.ca\/\">@bryfoods.ca<\/a><\/p>\t\t\t\t\t\t\t\t<\/div>\n\t\t\t\t<\/div>\n\t\t\t\t\t<\/div>\n\t\t\t\t<\/div>\n\t\t\t\t<\/div>\n\t\t","protected":false},"excerpt":{"rendered":"<p>Bir yolculu\u011fun sonu\u2026 T\u00fcrkiye\u2019deki lezzet yolculu\u011fumuzda bizimle oldu\u011funuz i\u00e7in te\u015fekk\u00fcr ederiz! 1 Aral\u0131k itibar\u0131yla, ald\u0131\u011f\u0131m\u0131z b\u00fcy\u00fcme karar\u0131 do\u011frultusunda T\u00fcrkiye sat\u0131\u015flar\u0131m\u0131z\u0131 sonland\u0131r\u0131yor, \u00fclke lezzetlerimizi daha geni\u015f kitlelerle bulu\u015fturmak ad\u0131na yeni bir ad\u0131m at\u0131yoruz. Yolculu\u011fumuz Amerika ve Kanada\u2019da devam edecek. Bu yeni ser\u00fcvenimizde bize e\u015flik etmek i\u00e7in yeni hesab\u0131m\u0131z\u0131 takipte kal\u0131n! @bryfoodsco @bryfoods.ca<\/p>\n","protected":false},"author":1,"featured_media":0,"parent":0,"menu_order":0,"comment_status":"closed","ping_status":"closed","template":"elementor_canvas","meta":{"footnotes":""},"class_list":["post-7","page","type-page","status-publish","hentry"],"_links":{"self":[{"href":"https:\/\/bryfoods.com.tr\/index.php?rest_route=\/wp\/v2\/pages\/7","targetHints":{"allow":["GET"]}}],"collection":[{"href":"https:\/\/bryfoods.com.tr\/index.php?rest_route=\/wp\/v2\/pages"}],"about":[{"href":"https:\/\/bryfoods.com.tr\/index.php?rest_route=\/wp\/v2\/types\/page"}],"author":[{"embeddable":true,"href":"https:\/\/bryfoods.com.tr\/index.php?rest_route=\/wp\/v2\/users\/1"}],"replies":[{"embeddable":true,"href":"https:\/\/bryfoods.com.tr\/index.php?rest_route=%2Fwp%2Fv2%2Fcomments&post=7"}],"version-history":[{"count":23,"href":"https:\/\/bryfoods.com.tr\/index.php?rest_route=\/wp\/v2\/pages\/7\/revisions"}],"predecessor-version":[{"id":55,"href":"https:\/\/bryfoods.com.tr\/index.php?rest_route=\/wp\/v2\/pages\/7\/revisions\/55"}],"wp:attachment":[{"href":"https:\/\/bryfoods.com.tr\/index.php?rest_route=%2Fwp%2Fv2%2Fmedia&parent=7"}],"curies":[{"name":"wp","href":"https:\/\/api.w.org\/{rel}","templated":true}]}}